{"id":1713,"date":"2025-02-21T09:32:01","date_gmt":"2025-02-21T09:32:01","guid":{"rendered":"https:\/\/www.jinghuaceramic.com\/?post_type=product&#038;p=1713"},"modified":"2025-03-28T07:03:05","modified_gmt":"2025-03-28T07:03:05","slug":"wholesale-bluetooth-label-printer-a82","status":"publish","type":"product","link":"https:\/\/www.aiyin.com\/de\/product\/wholesale-bluetooth-label-printer-a82\/","title":{"rendered":"Gro\u00dfhandel 4 Zoll Bluetooth-Etikettendrucker - A82, Bereitstellung von benutzerdefinierten Etikettendrucker-Service, Unterst\u00fctzung mehrerer Szenarien"},"content":{"rendered":"<h2 class=\"wp-block-heading\">Details zum Bluetooth-Etikettendrucker - A82<\/h2>\n\n\n\n<hr class=\"wp-block-separator has-alpha-channel-opacity\" \/>\n\n\n\n<figure class=\"wp-block-image size-large\"><img decoding=\"async\" width=\"1268\" height=\"1280\" src=\"https:\/\/www.aiyin.com\/wp-content\/uploads\/2025\/02\/bluetooth-label-printer-details-1-1268x1280.webp\" alt=\"bluetooth etikettendrucker details (1)\" class=\"wp-image-1714\" srcset=\"https:\/\/www.aiyin.com\/wp-content\/uploads\/2025\/02\/bluetooth-label-printer-details-1-1268x1280.webp 1268w, https:\/\/www.aiyin.com\/wp-content\/uploads\/2025\/02\/bluetooth-label-printer-details-1-150x150.webp 150w, https:\/\/www.aiyin.com\/wp-content\/uploads\/2025\/02\/bluetooth-label-printer-details-1-768x775.webp 768w, https:\/\/www.aiyin.com\/wp-content\/uploads\/2025\/02\/bluetooth-label-printer-details-1-600x606.webp 600w, https:\/\/www.aiyin.com\/wp-content\/uploads\/2025\/02\/bluetooth-label-printer-details-1-100x100.webp 100w\" sizes=\"(max-width: 1268px) 100vw, 1268px\" \/><\/figure>","protected":false},"excerpt":{"rendered":"<p>Bluetooth-Etikettendrucker f\u00fcr den Gro\u00dfhandel, der eine drahtlose Verbindung und schnelle Druckl\u00f6sungen bietet und den Druck von 1D- und 2D-Barcodes unterst\u00fctzt, geeignet f\u00fcr die Kennzeichnung von Waren, die Bestandsverwaltung, den Druck von Expresslieferungen und andere Szenarien. Besonders geeignet f\u00fcr Einzelhandelsgesch\u00e4fte, Lagerverwaltung und Logistikbranche. Die hohe Druckgeschwindigkeit gew\u00e4hrleistet einen effizienten Betrieb und ist perfekt auf die Bed\u00fcrfnisse moderner Unternehmen abgestimmt. Wir unterst\u00fctzen OEM und ODM, kontaktieren Sie uns f\u00fcr ein Angebot.<\/p>\n<h2>Eigenschaften von Bluetooth-Etikettendrucker - A82<\/h2>\n<div>\n<p><strong>Drahtlose Verbindung:<\/strong> Der Bluetooth-Etikettendrucker A82 unterst\u00fctzt die Bluetooth-Technologie, die eine drahtlose Verbindung mit verschiedenen mobilen Ger\u00e4ten erm\u00f6glicht und den Verbindungsprozess zwischen den Ger\u00e4ten vereinfacht.<\/p>\n<p><strong>Platzsparendes Design:<\/strong> Das papierlose Design und die seitliche \u00d6ffnung zum Einlegen von Papier sorgen f\u00fcr einen reibungslosen Betrieb und schnelles Drucken.<\/p>\n<p><strong>Verschlei\u00dffester Druckkopf:<\/strong> Der Bluetooth-Etikettendrucker A82 verf\u00fcgt \u00fcber einen professionellen, verschlei\u00dffesten Druckkopf, der eine klare und dauerhafte Druckqualit\u00e4t gew\u00e4hrleistet.<\/p>\n<p><strong>Geeignet f\u00fcr verschiedene Papierformate:<\/strong> Der Bluetooth-Etikettendrucker A82 unterst\u00fctzt Thermo-Etikettenpapier, mit einstellbarer Papierbreite, geeignet f\u00fcr 40-112mm Papier.<\/p>\n<p><strong>Vielseitigkeit:<\/strong><\/p>\n<ul>\n<li><strong>Einzelhandel:<\/strong> Druck von Produktetiketten zum Aufdrucken von Preisschildern, Strichcodes und Anweisungen auf Produkte.<\/li>\n<li><strong>Versandetiketten:<\/strong> Sicherstellung der korrekten Lieferung von Logistikinformationen durch Drucken von Versandauftr\u00e4gen und Frachtetiketten.<\/li>\n<li><strong>Etiketten f\u00fcr Dokumente:<\/strong> Drucken Sie schnell Ordner- und Aktenetiketten, um die Effizienz im B\u00fcro und die Standardisierung der Dokumentenverwaltung zu verbessern.<\/li>\n<\/ul>\n<\/div>","protected":false},"featured_media":1716,"comment_status":"closed","ping_status":"closed","template":"","meta":{"_acf_changed":true},"product_brand":[],"product_cat":[38],"product_tag":[],"class_list":{"0":"post-1713","1":"product","2":"type-product","3":"status-publish","4":"has-post-thumbnail","6":"product_cat-shipping-label-printer","7":"pa_industrial-grade-no","8":"pa_paper-bin-without-paper-bin","9":"pa_print-width-4-inches","11":"first","12":"instock","13":"shipping-taxable","14":"product-type-simple"},"acf":[],"_links":{"self":[{"href":"https:\/\/www.aiyin.com\/de\/wp-json\/wp\/v2\/product\/1713","targetHints":{"allow":["GET"]}}],"collection":[{"href":"https:\/\/www.aiyin.com\/de\/wp-json\/wp\/v2\/product"}],"about":[{"href":"https:\/\/www.aiyin.com\/de\/wp-json\/wp\/v2\/types\/product"}],"replies":[{"embeddable":true,"href":"https:\/\/www.aiyin.com\/de\/wp-json\/wp\/v2\/comments?post=1713"}],"wp:featuredmedia":[{"embeddable":true,"href":"https:\/\/www.aiyin.com\/de\/wp-json\/wp\/v2\/media\/1716"}],"wp:attachment":[{"href":"https:\/\/www.aiyin.com\/de\/wp-json\/wp\/v2\/media?parent=1713"}],"wp:term":[{"taxonomy":"product_brand","embeddable":true,"href":"https:\/\/www.aiyin.com\/de\/wp-json\/wp\/v2\/product_brand?post=1713"},{"taxonomy":"product_cat","embeddable":true,"href":"https:\/\/www.aiyin.com\/de\/wp-json\/wp\/v2\/product_cat?post=1713"},{"taxonomy":"product_tag","embeddable":true,"href":"https:\/\/www.aiyin.com\/de\/wp-json\/wp\/v2\/product_tag?post=1713"}],"curies":[{"name":"wp","href":"https:\/\/api.w.org\/{rel}","templated":true}]}}