{"id":1687,"date":"2025-02-21T12:55:52","date_gmt":"2025-02-21T12:55:52","guid":{"rendered":"https:\/\/www.jinghuaceramic.com\/?post_type=product&#038;p=1687"},"modified":"2025-03-28T05:21:18","modified_gmt":"2025-03-28T05:21:18","slug":"wholesale-3-inch-wireless-shipping-thermal-label-printer","status":"publish","type":"product","link":"https:\/\/www.aiyin.com\/de\/product\/wholesale-3-inch-wireless-shipping-thermal-label-printer\/","title":{"rendered":"Gro\u00dfhandel 3 Zoll Wireless Versand Thermotransferdrucker - A71, Unterst\u00fctzung OEM und ODM"},"content":{"rendered":"<h2 class=\"wp-block-heading\">Details zum kabellosen Versandetikettendrucker - A71<\/h2>\n\n\n\n<hr class=\"wp-block-separator has-alpha-channel-opacity\" \/>\n\n\n\n<figure class=\"wp-block-image size-large\"><img decoding=\"async\" width=\"1263\" height=\"1280\" src=\"https:\/\/www.aiyin.com\/wp-content\/uploads\/2025\/02\/Wireless-Shipping-Thermal-Label-Printer-Details-1-1263x1280.webp\" alt=\"Kabelloser Versand-Thermoetikettendrucker Details (1)\" class=\"wp-image-1698\" srcset=\"https:\/\/www.aiyin.com\/wp-content\/uploads\/2025\/02\/Wireless-Shipping-Thermal-Label-Printer-Details-1-1263x1280.webp 1263w, https:\/\/www.aiyin.com\/wp-content\/uploads\/2025\/02\/Wireless-Shipping-Thermal-Label-Printer-Details-1-768x778.webp 768w, https:\/\/www.aiyin.com\/wp-content\/uploads\/2025\/02\/Wireless-Shipping-Thermal-Label-Printer-Details-1-600x608.webp 600w, https:\/\/www.aiyin.com\/wp-content\/uploads\/2025\/02\/Wireless-Shipping-Thermal-Label-Printer-Details-1-100x100.webp 100w\" sizes=\"(max-width: 1263px) 100vw, 1263px\" \/><\/figure>","protected":false},"excerpt":{"rendered":"<p>Gro\u00dfhandel drahtlosen Versand Thermo-Etikettendrucker, die schnelle und effiziente Etikettendruck-L\u00f6sungen. Unterst\u00fctzt Thermo-Etikettenpapier von 48mm bis 80mm breit, kann es etwa 5000 Auftr\u00e4ge pro Stunde verarbeiten, geeignet f\u00fcr verschiedene Bed\u00fcrfnisse der Industrie. Unterst\u00fctzung OEM und ODM, willkommen, uns f\u00fcr ein Angebot zu kontaktieren.<\/p>\n<h2>Merkmale des kabellosen Versandetikettendruckers - A71<\/h2>\n<div>\n<p><strong>Kompakt und praktisch:<\/strong> Der kabellose Thermo-Etikettendrucker 35% ist kleiner als herk\u00f6mmliche Drucker, platzsparend und leicht zu transportieren.<\/p>\n<p><strong>Schnelle Druckgeschwindigkeit:<\/strong> Der kabellose Thermo-Etikettendrucker f\u00fcr den Versand hat eine Druckgeschwindigkeit von 220 mm\/s und kann etwa 5.000 Auftr\u00e4ge pro Stunde verarbeiten.<\/p>\n<p><strong>Automatische Papiereinzugsfunktion:<\/strong> Der kabellose Thermo-Etikettendrucker f\u00fcr den Versand braucht die Abdeckung nicht zu \u00f6ffnen, der automatische Papiereinzug und die automatische Papierlageanpassung verhindern Papierstaus oder \u00dcberspringen.<\/p>\n<p><strong>Breite Kompatibilit\u00e4t:<\/strong> Intelligentes Drucken wird durch Software erreicht, die Windows-, Mac-, Android- und iOS-Systeme unterst\u00fctzt.<\/p>\n<p style=\"text-align: left\"><strong>Flexibles Papierformat:<\/strong> Der kabellose Thermo-Etikettendrucker f\u00fcr den Versand unterst\u00fctzt Papierbreiten von 48 mm bis 80 mm und erf\u00fcllt damit die Anforderungen verschiedener Szenarien, die f\u00fcr Logistik, Medizin, Einzelhandel und andere Branchen geeignet sind.<\/p>\n<\/div>","protected":false},"featured_media":1693,"comment_status":"closed","ping_status":"closed","template":"","meta":{"_acf_changed":true},"product_brand":[],"product_cat":[38],"product_tag":[],"class_list":{"0":"post-1687","1":"product","2":"type-product","3":"status-publish","4":"has-post-thumbnail","6":"product_cat-shipping-label-printer","7":"pa_industrial-grade-no","8":"pa_paper-bin-without-paper-bin","9":"pa_print-width-3-inches","11":"first","12":"instock","13":"shipping-taxable","14":"product-type-simple"},"acf":[],"_links":{"self":[{"href":"https:\/\/www.aiyin.com\/de\/wp-json\/wp\/v2\/product\/1687","targetHints":{"allow":["GET"]}}],"collection":[{"href":"https:\/\/www.aiyin.com\/de\/wp-json\/wp\/v2\/product"}],"about":[{"href":"https:\/\/www.aiyin.com\/de\/wp-json\/wp\/v2\/types\/product"}],"replies":[{"embeddable":true,"href":"https:\/\/www.aiyin.com\/de\/wp-json\/wp\/v2\/comments?post=1687"}],"wp:featuredmedia":[{"embeddable":true,"href":"https:\/\/www.aiyin.com\/de\/wp-json\/wp\/v2\/media\/1693"}],"wp:attachment":[{"href":"https:\/\/www.aiyin.com\/de\/wp-json\/wp\/v2\/media?parent=1687"}],"wp:term":[{"taxonomy":"product_brand","embeddable":true,"href":"https:\/\/www.aiyin.com\/de\/wp-json\/wp\/v2\/product_brand?post=1687"},{"taxonomy":"product_cat","embeddable":true,"href":"https:\/\/www.aiyin.com\/de\/wp-json\/wp\/v2\/product_cat?post=1687"},{"taxonomy":"product_tag","embeddable":true,"href":"https:\/\/www.aiyin.com\/de\/wp-json\/wp\/v2\/product_tag?post=1687"}],"curies":[{"name":"wp","href":"https:\/\/api.w.org\/{rel}","templated":true}]}}